{"id":78,"date":"2022-10-17T07:03:13","date_gmt":"2022-10-17T07:03:13","guid":{"rendered":"https:\/\/bolsasdelperu.com\/inicio\/home\/"},"modified":"2026-01-02T17:49:51","modified_gmt":"2026-01-02T17:49:51","slug":"home","status":"publish","type":"page","link":"https:\/\/bolsasdelperu.com\/inicio\/","title":{"rendered":"Inicio"},"content":{"rendered":"<body>\n<div class=\"wp-block-uagb-container uagb-block-cd9799cf alignfull uagb-is-root-container\">\n<div class=\"wp-block-uagb-advanced-heading uagb-block-3ec65d39\"><h1 class=\"uagb-heading-text\">BOLSAS\u200b<\/h1><\/div>\n\n\n\n<div class=\"wp-block-uagb-info-box uagb-block-700ef2f2 uagb-infobox__content-wrap  uagb-infobox_cta-type-all uagb-infobox-icon-above-title uagb-infobox-image-valign-top\"><a href=\"#\" class=\"uagb-infobox-link-wrap uagb-infbox__link-to-all\" target=\"_self\" aria-label=\"Infobox Link\" rel=\"noopener noreferrer\" onclick=\"return false;\"><\/a><div class=\"uagb-ifb-content\"><div class=\"uagb-ifb-title-wrap\"><h2 class=\"uagb-ifb-title\">PARA DESECHOS <\/h2><\/div><div class=\"uagb-ifb-button-wrapper wp-block-button\"><\/div><\/div><\/div>\n<\/div>\n\n\n\n<div class=\"wp-block-uagb-container uagb-block-fd860936 alignfull uagb-is-root-container\"><div class=\"uagb-container-inner-blocks-wrap\">\n<div class=\"wp-block-uagb-container uagb-block-7ca3e96d\">\n<div class=\"wp-block-uagb-info-box uagb-block-2cae00cb uagb-infobox__content-wrap  uagb-infobox-icon-above-title uagb-infobox-image-valign-top\"><div class=\"uagb-ifb-content\"><div class=\"uagb-ifb-image-content\"><img decoding=\"async\" src=\"https:\/\/bolsasdelperu.com\/wp-content\/uploads\/2023\/03\/bolsas-para-basura-.jpg\" alt=\"\" width=\"100\" height=\"122\" loading=\"lazy\"><\/div><div class=\"uagb-ifb-title-wrap\"><h4 class=\"uagb-ifb-title\"><em>BOLSAS PL\u00c1STICAS PARA DESECHOS<\/em><\/h4><\/div><\/div><\/div>\n<\/div>\n\n\n\n<div class=\"wp-block-uagb-container uagb-block-db6dcf60\">\n<div class=\"wp-block-uagb-info-box uagb-block-b74146eb uagb-infobox__content-wrap  uagb-infobox-icon-above-title uagb-infobox-image-valign-top\"><div class=\"uagb-ifb-content\"><div class=\"uagb-ifb-image-content\"><img decoding=\"async\" src=\"https:\/\/bolsasdelperu.com\/wp-content\/uploads\/2023\/03\/bolsas-para-desechos-especiales-.jpg\" alt=\"\" width=\"100\" height=\"122\" loading=\"lazy\"><\/div><div class=\"uagb-ifb-title-wrap\"><h4 class=\"uagb-ifb-title\"><em>BOLSAS PL\u00c1STICAS PARA HOSPITALES <\/em><\/h4><\/div><\/div><\/div>\n<\/div>\n\n\n\n<div class=\"wp-block-uagb-container uagb-block-536c1b8b\">\n<div class=\"wp-block-uagb-info-box uagb-block-06b124ba uagb-infobox__content-wrap  uagb-infobox-icon-above-title uagb-infobox-image-valign-top\"><div class=\"uagb-ifb-content\"><div class=\"uagb-ifb-image-content\"><img decoding=\"async\" src=\"https:\/\/bolsasdelperu.com\/wp-content\/uploads\/2023\/03\/Bolsas-de-colores.jpg\" alt=\"\" width=\"100\" height=\"122\" loading=\"lazy\"><\/div><div class=\"uagb-ifb-title-wrap\"><h4 class=\"uagb-ifb-title\"><em>BOLSAS PL\u00c1STICAS PARA DESECHOS<\/em> <\/h4><\/div><\/div><\/div>\n<\/div>\n<\/div><\/div>\n\n\n\n<div class=\"wp-block-uagb-container uagb-block-a0bff0a4 alignfull uagb-is-root-container\"><div class=\"uagb-container-inner-blocks-wrap\">\n<div class=\"wp-block-uagb-container uagb-block-ed4efdb4\">\n<div class=\"wp-block-uagb-info-box uagb-block-c1513200 uagb-infobox__content-wrap  uagb-infobox-icon-above-title uagb-infobox-image-valign-top\"><div class=\"uagb-ifb-content\"><div class=\"uagb-ifb-title-wrap\"><h2 class=\"uagb-ifb-title\">BOLSAS PARA ENSILAJE<\/h2><\/div><p class=\"uagb-ifb-desc\">\u00a0Optimiza tu producci\u00f3n con nuestras bolsas de ensilaje de alta resistencia!<br>\ud83d\udd39 Medidas: 60 x 120 cm, con opci\u00f3n de espesor 6 micras.<br>\ud83d\udd39 Soporte: Hasta 50 kilos por bolsa.<br>\ud83d\udd39 Caracter\u00edsticas:<br>\u2705 Alta durabilidad y resistencia al calor, hasta 2 veces m\u00e1s que otras opciones.<br>\u2705 Fuelle para mayor capacidad y comodidad en el manejo.<br><br>\u2705 Env\u00edos a todo el Per\u00fa.<br><br>\u00a1No esperes m\u00e1s y asegura tu silaje con la mejor calidad!<\/p><\/div><\/div>\n<\/div>\n\n\n\n<div class=\"wp-block-uagb-container uagb-block-452eac1e\">\n<div class=\"wp-block-uagb-image uagb-block-be9886d7 wp-block-uagb-image--layout-default wp-block-uagb-image--effect-static wp-block-uagb-image--align-none\"><figure class=\"wp-block-uagb-image__figure\"><img decoding=\"async\" srcset=\"https:\/\/bolsasdelperu.com\/wp-content\/uploads\/2026\/01\/BOLSAS-DE-SILO-EN-R1.jpg ,https:\/\/bolsasdelperu.com\/wp-content\/uploads\/2026\/01\/BOLSAS-DE-SILO-EN-R1.jpg 780w, https:\/\/bolsasdelperu.com\/wp-content\/uploads\/2026\/01\/BOLSAS-DE-SILO-EN-R1.jpg 360w\" sizes=\"auto, (max-width: 480px) 150px\" src=\"https:\/\/bolsasdelperu.com\/wp-content\/uploads\/2026\/01\/BOLSAS-DE-SILO-EN-R1.jpg\" alt=\"\" class=\"uag-image-2166\" width=\"800\" height=\"800\" title=\"BOLSAS  DE SILO EN R1\" loading=\"lazy\" role=\"img\"><\/figure><\/div>\n<\/div>\n<\/div><\/div>\n\n\n\n<div class=\"wp-block-uagb-container uagb-block-1db8854b alignfull uagb-is-root-container\"><div class=\"uagb-container-inner-blocks-wrap\">\n<div class=\"wp-block-uagb-call-to-action uagb-block-59e7d12b\"><a href=\"#\" class=\"uagb-cta__link-to-all\" target=\"\" rel=\"noopener noreferrer\"><\/a><div class=\"uagb-cta__wrap\"><h2 class=\"uagb-cta__title\">BOLSAS DEL PERU<\/h2><p class=\"uagb-cta__desc\"><sub><mark style=\"background-color:rgba(0, 0, 0, 0)\" class=\"has-inline-color has-ast-global-color-2-color\">HOSPITALES \u2013 CL\u00cdNICAS \u2013 LABORATORIOS<\/mark><\/sub><br><mark style=\"background-color:rgba(0, 0, 0, 0)\" class=\"has-inline-color has-ast-global-color-2-color\">Bolsas de polietileno material R1 o R2, Bolsas para Desechos Comunes y Especiales. Est\u00e1n fabricadas de polietileno de baja (PEBD) y alta densidad (PEAD).<\/mark><\/p><\/div><div class=\"uagb-cta__buttons\"><\/div><\/div>\n<\/div><\/div>\n<\/body>","protected":false},"excerpt":{"rendered":"<p>BOLSAS\u200b<\/p>\n","protected":false},"author":1,"featured_media":0,"parent":0,"menu_order":0,"comment_status":"closed","ping_status":"closed","template":"","meta":{"om_disable_all_campaigns":false,"_uag_custom_page_level_css":"","site-sidebar-layout":"default","site-content-layout":"page-builder","ast-site-content-layout":"full-width-container","site-content-style":"unboxed","site-sidebar-style":"unboxed","ast-global-header-display":"","ast-banner-title-visibility":"","ast-main-header-display":"","ast-hfb-above-header-display":"","ast-hfb-below-header-display":"","ast-hfb-mobile-header-display":"","site-post-title":"disabled","ast-breadcrumbs-content":"","ast-featured-img":"","footer-sml-layout":"","ast-disable-related-posts":"","theme-transparent-header-meta":"disabled","adv-header-id-meta":"","stick-header-meta":"","header-above-stick-meta":"","header-main-stick-meta":"","header-below-stick-meta":"","astra-migrate-meta-layouts":"set","ast-page-background-enabled":"default","ast-page-background-meta":{"desktop":{"background-color":"var(--ast-global-color-4)","background-image":"","background-repeat":"repeat","background-position":"center center","background-size":"auto","background-attachment":"scroll","background-type":"","background-media":"","overlay-type":"","overlay-color":"","overlay-opacity":"","overlay-gradient":""},"tablet":{"background-color":"","background-image":"","background-repeat":"repeat","background-position":"center center","background-size":"auto","background-attachment":"scroll","background-type":"","background-media":"","overlay-type":"","overlay-color":"","overlay-opacity":"","overlay-gradient":""},"mobile":{"background-color":"","background-image":"","background-repeat":"repeat","background-position":"center center","background-size":"auto","background-attachment":"scroll","background-type":"","background-media":"","overlay-type":"","overlay-color":"","overlay-opacity":"","overlay-gradient":""}},"ast-content-background-meta":{"desktop":{"background-color":"var(--ast-global-color-5)","background-image":"","background-repeat":"repeat","background-position":"center center","background-size":"auto","background-attachment":"scroll","background-type":"","background-media":"","overlay-type":"","overlay-color":"","overlay-opacity":"","overlay-gradient":""},"tablet":{"background-color":"var(--ast-global-color-5)","background-image":"","background-repeat":"repeat","background-position":"center center","background-size":"auto","background-attachment":"scroll","background-type":"","background-media":"","overlay-type":"","overlay-color":"","overlay-opacity":"","overlay-gradient":""},"mobile":{"background-color":"var(--ast-global-color-5)","background-image":"","background-repeat":"repeat","background-position":"center center","background-size":"auto","background-attachment":"scroll","background-type":"","background-media":"","overlay-type":"","overlay-color":"","overlay-opacity":"","overlay-gradient":""}},"_joinchat":[],"footnotes":""},"class_list":["post-78","page","type-page","status-publish","hentry"],"yoast_head":"<!-- This site is optimized with the Yoast SEO plugin v27.4 - https:\/\/yoast.com\/product\/yoast-seo-wordpress\/ -->\n<title>Inicio - Bolsas del Per\u00fa<\/title>\n<meta name=\"robots\" content=\"index, follow, max-snippet:-1, max-image-preview:large, max-video-preview:-1\" \/>\n<link rel=\"canonical\" href=\"https:\/\/bolsasdelperu.com\/inicio\/\" \/>\n<meta property=\"og:locale\" content=\"es_ES\" \/>\n<meta property=\"og:type\" content=\"article\" \/>\n<meta property=\"og:title\" content=\"Inicio - Bolsas del Per\u00fa\" \/>\n<meta property=\"og:description\" content=\"BOLSAS\u200b\" \/>\n<meta property=\"og:url\" content=\"https:\/\/bolsasdelperu.com\/inicio\/\" \/>\n<meta property=\"og:site_name\" content=\"Bolsas del Per\u00fa\" \/>\n<meta property=\"article:modified_time\" content=\"2026-01-02T17:49:51+00:00\" \/>\n<meta property=\"og:image\" content=\"https:\/\/bolsasdelperu.com\/wp-content\/uploads\/2023\/03\/bolsas-para-basura-.jpg\" \/>\n<meta name=\"twitter:card\" content=\"summary_large_image\" \/>\n<meta name=\"twitter:label1\" content=\"Tiempo de lectura\" \/>\n\t<meta name=\"twitter:data1\" content=\"2 minutos\" \/>\n<script type=\"application\/ld+json\" class=\"yoast-schema-graph\">{\"@context\":\"https:\\\/\\\/schema.org\",\"@graph\":[{\"@type\":\"WebPage\",\"@id\":\"https:\\\/\\\/bolsasdelperu.com\\\/inicio\\\/\",\"url\":\"https:\\\/\\\/bolsasdelperu.com\\\/inicio\\\/\",\"name\":\"Inicio - Bolsas del Per\u00fa\",\"isPartOf\":{\"@id\":\"https:\\\/\\\/bolsasdelperu.com\\\/inicio\\\/#website\"},\"primaryImageOfPage\":{\"@id\":\"https:\\\/\\\/bolsasdelperu.com\\\/inicio\\\/#primaryimage\"},\"image\":{\"@id\":\"https:\\\/\\\/bolsasdelperu.com\\\/inicio\\\/#primaryimage\"},\"thumbnailUrl\":\"https:\\\/\\\/bolsasdelperu.com\\\/wp-content\\\/uploads\\\/2023\\\/03\\\/bolsas-para-basura-.jpg\",\"datePublished\":\"2022-10-17T07:03:13+00:00\",\"dateModified\":\"2026-01-02T17:49:51+00:00\",\"breadcrumb\":{\"@id\":\"https:\\\/\\\/bolsasdelperu.com\\\/inicio\\\/#breadcrumb\"},\"inLanguage\":\"es\",\"potentialAction\":[{\"@type\":\"ReadAction\",\"target\":[\"https:\\\/\\\/bolsasdelperu.com\\\/inicio\\\/\"]}]},{\"@type\":\"ImageObject\",\"inLanguage\":\"es\",\"@id\":\"https:\\\/\\\/bolsasdelperu.com\\\/inicio\\\/#primaryimage\",\"url\":\"https:\\\/\\\/bolsasdelperu.com\\\/wp-content\\\/uploads\\\/2023\\\/03\\\/bolsas-para-basura-.jpg\",\"contentUrl\":\"https:\\\/\\\/bolsasdelperu.com\\\/wp-content\\\/uploads\\\/2023\\\/03\\\/bolsas-para-basura-.jpg\"},{\"@type\":\"BreadcrumbList\",\"@id\":\"https:\\\/\\\/bolsasdelperu.com\\\/inicio\\\/#breadcrumb\",\"itemListElement\":[{\"@type\":\"ListItem\",\"position\":1,\"name\":\"Portada\",\"item\":\"https:\\\/\\\/bolsasdelperu.com\\\/inicio\\\/\"},{\"@type\":\"ListItem\",\"position\":2,\"name\":\"Inicio\"}]},{\"@type\":\"WebSite\",\"@id\":\"https:\\\/\\\/bolsasdelperu.com\\\/inicio\\\/#website\",\"url\":\"https:\\\/\\\/bolsasdelperu.com\\\/inicio\\\/\",\"name\":\"Bolsas del Per\u00fa\",\"description\":\"Bolsas del Per\u00fa | Producci\u00f3n y Distribuci\u00f3n de Bolsas Pl\u00e1sticas\",\"publisher\":{\"@id\":\"https:\\\/\\\/bolsasdelperu.com\\\/inicio\\\/#\\\/schema\\\/person\\\/f387e7ed8ebd3bd315b49b7e2ce708fb\"},\"potentialAction\":[{\"@type\":\"SearchAction\",\"target\":{\"@type\":\"EntryPoint\",\"urlTemplate\":\"https:\\\/\\\/bolsasdelperu.com\\\/inicio\\\/?s={search_term_string}\"},\"query-input\":{\"@type\":\"PropertyValueSpecification\",\"valueRequired\":true,\"valueName\":\"search_term_string\"}}],\"inLanguage\":\"es\"},{\"@type\":[\"Person\",\"Organization\"],\"@id\":\"https:\\\/\\\/bolsasdelperu.com\\\/inicio\\\/#\\\/schema\\\/person\\\/f387e7ed8ebd3bd315b49b7e2ce708fb\",\"name\":\"bolsasdelperucom\",\"image\":{\"@type\":\"ImageObject\",\"inLanguage\":\"es\",\"@id\":\"https:\\\/\\\/bolsasdelperu.com\\\/wp-content\\\/uploads\\\/2023\\\/03\\\/logo-bolsas-del-peru.png\",\"url\":\"https:\\\/\\\/bolsasdelperu.com\\\/wp-content\\\/uploads\\\/2023\\\/03\\\/logo-bolsas-del-peru.png\",\"contentUrl\":\"https:\\\/\\\/bolsasdelperu.com\\\/wp-content\\\/uploads\\\/2023\\\/03\\\/logo-bolsas-del-peru.png\",\"width\":400,\"height\":400,\"caption\":\"bolsasdelperucom\"},\"logo\":{\"@id\":\"https:\\\/\\\/bolsasdelperu.com\\\/wp-content\\\/uploads\\\/2023\\\/03\\\/logo-bolsas-del-peru.png\"},\"sameAs\":[\"https:\\\/\\\/bolsasdelperu.com\"]}]}<\/script>\n<!-- \/ Yoast SEO plugin. -->","yoast_head_json":{"title":"Inicio - Bolsas del Per\u00fa","robots":{"index":"index","follow":"follow","max-snippet":"max-snippet:-1","max-image-preview":"max-image-preview:large","max-video-preview":"max-video-preview:-1"},"canonical":"https:\/\/bolsasdelperu.com\/inicio\/","og_locale":"es_ES","og_type":"article","og_title":"Inicio - Bolsas del Per\u00fa","og_description":"BOLSAS\u200b","og_url":"https:\/\/bolsasdelperu.com\/inicio\/","og_site_name":"Bolsas del Per\u00fa","article_modified_time":"2026-01-02T17:49:51+00:00","og_image":[{"url":"https:\/\/bolsasdelperu.com\/wp-content\/uploads\/2023\/03\/bolsas-para-basura-.jpg","type":"","width":"","height":""}],"twitter_card":"summary_large_image","twitter_misc":{"Tiempo de lectura":"2 minutos"},"schema":{"@context":"https:\/\/schema.org","@graph":[{"@type":"WebPage","@id":"https:\/\/bolsasdelperu.com\/inicio\/","url":"https:\/\/bolsasdelperu.com\/inicio\/","name":"Inicio - Bolsas del Per\u00fa","isPartOf":{"@id":"https:\/\/bolsasdelperu.com\/inicio\/#website"},"primaryImageOfPage":{"@id":"https:\/\/bolsasdelperu.com\/inicio\/#primaryimage"},"image":{"@id":"https:\/\/bolsasdelperu.com\/inicio\/#primaryimage"},"thumbnailUrl":"https:\/\/bolsasdelperu.com\/wp-content\/uploads\/2023\/03\/bolsas-para-basura-.jpg","datePublished":"2022-10-17T07:03:13+00:00","dateModified":"2026-01-02T17:49:51+00:00","breadcrumb":{"@id":"https:\/\/bolsasdelperu.com\/inicio\/#breadcrumb"},"inLanguage":"es","potentialAction":[{"@type":"ReadAction","target":["https:\/\/bolsasdelperu.com\/inicio\/"]}]},{"@type":"ImageObject","inLanguage":"es","@id":"https:\/\/bolsasdelperu.com\/inicio\/#primaryimage","url":"https:\/\/bolsasdelperu.com\/wp-content\/uploads\/2023\/03\/bolsas-para-basura-.jpg","contentUrl":"https:\/\/bolsasdelperu.com\/wp-content\/uploads\/2023\/03\/bolsas-para-basura-.jpg"},{"@type":"BreadcrumbList","@id":"https:\/\/bolsasdelperu.com\/inicio\/#breadcrumb","itemListElement":[{"@type":"ListItem","position":1,"name":"Portada","item":"https:\/\/bolsasdelperu.com\/inicio\/"},{"@type":"ListItem","position":2,"name":"Inicio"}]},{"@type":"WebSite","@id":"https:\/\/bolsasdelperu.com\/inicio\/#website","url":"https:\/\/bolsasdelperu.com\/inicio\/","name":"Bolsas del Per\u00fa","description":"Bolsas del Per\u00fa | Producci\u00f3n y Distribuci\u00f3n de Bolsas Pl\u00e1sticas","publisher":{"@id":"https:\/\/bolsasdelperu.com\/inicio\/#\/schema\/person\/f387e7ed8ebd3bd315b49b7e2ce708fb"},"potentialAction":[{"@type":"SearchAction","target":{"@type":"EntryPoint","urlTemplate":"https:\/\/bolsasdelperu.com\/inicio\/?s={search_term_string}"},"query-input":{"@type":"PropertyValueSpecification","valueRequired":true,"valueName":"search_term_string"}}],"inLanguage":"es"},{"@type":["Person","Organization"],"@id":"https:\/\/bolsasdelperu.com\/inicio\/#\/schema\/person\/f387e7ed8ebd3bd315b49b7e2ce708fb","name":"bolsasdelperucom","image":{"@type":"ImageObject","inLanguage":"es","@id":"https:\/\/bolsasdelperu.com\/wp-content\/uploads\/2023\/03\/logo-bolsas-del-peru.png","url":"https:\/\/bolsasdelperu.com\/wp-content\/uploads\/2023\/03\/logo-bolsas-del-peru.png","contentUrl":"https:\/\/bolsasdelperu.com\/wp-content\/uploads\/2023\/03\/logo-bolsas-del-peru.png","width":400,"height":400,"caption":"bolsasdelperucom"},"logo":{"@id":"https:\/\/bolsasdelperu.com\/wp-content\/uploads\/2023\/03\/logo-bolsas-del-peru.png"},"sameAs":["https:\/\/bolsasdelperu.com"]}]}},"uagb_featured_image_src":{"full":false,"thumbnail":false,"medium":false,"medium_large":false,"large":false,"1536x1536":false,"2048x2048":false},"uagb_author_info":{"display_name":"bolsasdelperucom","author_link":"https:\/\/bolsasdelperu.com\/inicio\/author\/bolsasdelperucom\/"},"uagb_comment_info":0,"uagb_excerpt":"BOLSAS\u200b","_links":{"self":[{"href":"https:\/\/bolsasdelperu.com\/inicio\/wp-json\/wp\/v2\/pages\/78","targetHints":{"allow":["GET"]}}],"collection":[{"href":"https:\/\/bolsasdelperu.com\/inicio\/wp-json\/wp\/v2\/pages"}],"about":[{"href":"https:\/\/bolsasdelperu.com\/inicio\/wp-json\/wp\/v2\/types\/page"}],"author":[{"embeddable":true,"href":"https:\/\/bolsasdelperu.com\/inicio\/wp-json\/wp\/v2\/users\/1"}],"replies":[{"embeddable":true,"href":"https:\/\/bolsasdelperu.com\/inicio\/wp-json\/wp\/v2\/comments?post=78"}],"version-history":[{"count":4,"href":"https:\/\/bolsasdelperu.com\/inicio\/wp-json\/wp\/v2\/pages\/78\/revisions"}],"predecessor-version":[{"id":2170,"href":"https:\/\/bolsasdelperu.com\/inicio\/wp-json\/wp\/v2\/pages\/78\/revisions\/2170"}],"wp:attachment":[{"href":"https:\/\/bolsasdelperu.com\/inicio\/wp-json\/wp\/v2\/media?parent=78"}],"curies":[{"name":"wp","href":"https:\/\/api.w.org\/{rel}","templated":true}]}}