{"id":77,"date":"2022-10-17T07:03:13","date_gmt":"2022-10-17T07:03:13","guid":{"rendered":"https:\/\/bolsasdelperu.com\/inicio\/services\/"},"modified":"2024-10-11T16:03:40","modified_gmt":"2024-10-11T16:03:40","slug":"services","status":"publish","type":"page","link":"https:\/\/bolsasdelperu.com\/inicio\/services\/","title":{"rendered":"Productos"},"content":{"rendered":"<body>\n<div class=\"wp-block-columns is-layout-flex wp-container-core-columns-is-layout-28f84493 wp-block-columns-is-layout-flex\">\n<div class=\"wp-block-column is-layout-flow wp-block-column-is-layout-flow\">\n<div class=\"wp-block-uagb-image uagb-block-bdfa3d58 wp-block-uagb-image--layout-default wp-block-uagb-image--effect-static wp-block-uagb-image--align-none\"><figure class=\"wp-block-uagb-image__figure\"><img decoding=\"async\" srcset=\"https:\/\/bolsasdelperu.com\/wp-content\/uploads\/2023\/03\/bolsas-para-basura-.jpg \" sizes=\"auto, (max-width: 480px) 150px\" src=\"https:\/\/bolsasdelperu.com\/wp-content\/uploads\/2023\/03\/bolsas-para-basura-.jpg\" alt=\"bolsas de basura\" class=\"uag-image-2043\" width=\"734\" height=\"898\" title=\"\" loading=\"lazy\"><\/figure><\/div>\n<\/div>\n\n\n\n<div class=\"wp-block-column is-layout-flow wp-block-column-is-layout-flow\">\n<div class=\"wp-block-uagb-image uagb-block-e949ce40 wp-block-uagb-image--layout-default wp-block-uagb-image--effect-static wp-block-uagb-image--align-none\"><figure class=\"wp-block-uagb-image__figure\"><img decoding=\"async\" srcset=\"https:\/\/bolsasdelperu.com\/wp-content\/uploads\/2023\/03\/bolsas-para-desechos-especiales-.jpg \" sizes=\"auto, (max-width: 480px) 150px\" src=\"https:\/\/bolsasdelperu.com\/wp-content\/uploads\/2023\/03\/bolsas-para-desechos-especiales-.jpg\" alt=\"\" class=\"uag-image-2037\" width=\"734\" height=\"898\" title=\"\" loading=\"lazy\"><\/figure><\/div>\n<\/div>\n\n\n\n<div class=\"wp-block-column is-layout-flow wp-block-column-is-layout-flow\">\n<figure class=\"wp-block-image size-full\"><img decoding=\"async\" width=\"734\" height=\"898\" src=\"https:\/\/bolsasdelperu.com\/wp-content\/uploads\/2023\/03\/Bolsas-de-colores.jpg\" alt=\"bolsas de colores\" class=\"wp-image-2045\" loading=\"lazy\" srcset=\"https:\/\/bolsasdelperu.com\/wp-content\/uploads\/2023\/03\/Bolsas-de-colores.jpg 734w, https:\/\/bolsasdelperu.com\/wp-content\/uploads\/2023\/03\/Bolsas-de-colores-245x300.jpg 245w\" sizes=\"auto, (max-width: 734px) 100vw, 734px\" \/><\/figure>\n<\/div>\n<\/div>\n\n\n\n<div class=\"wp-block-uagb-container uagb-block-d7e4541f alignfull uagb-is-root-container\"><div class=\"uagb-container-inner-blocks-wrap\">\n<p>                                      <strong>BOLSAS ESPECIALES PARA LOS SECTORES.<\/strong><br>Hospitales, laboratorios, clinicas, centros de salud, industria qu\u00edmica, minera y comercial<\/p>\n\n\n\n<p>Bolsas de polietileno material R1 o R2, Bolsas para Desechos Com\u00fanes y Especiales. Est\u00e1n fabricadas de polietileno de baja (PEBD) y alta densidad (PEAD).<br><em>Descripci\u00f3n T\u00e9cnicas:<\/em><br>\u2013\u00a0<strong><em>Colores:<\/em><\/strong>\u00a0Comerciales.y especiales.<br>\u2013\u00a0<em><strong>Capacidad:<\/strong>\u00a0<\/em>comerciales o medidas personalizadas.<br>\u2013\u00a0<em><strong>Espesor:<\/strong>\u00a0<\/em>50.80; 72.60 um. desde 1.5 micras hasta 10 micras.<\/p>\n<\/div><\/div>\n\n\n\n<div class=\"wp-block-uagb-container uagb-block-c0a9e255 alignfull uagb-is-root-container\"><div class=\"uagb-container-inner-blocks-wrap\"><\/div><\/div>\n\n\n\n<div class=\"wp-block-uagb-container uagb-block-55276e79 alignfull uagb-is-root-container\"><div class=\"uagb-container-inner-blocks-wrap\">\n<div class=\"wp-block-columns is-layout-flex wp-container-core-columns-is-layout-28f84493 wp-block-columns-is-layout-flex\">\n<div class=\"wp-block-column is-layout-flow wp-block-column-is-layout-flow\">\n<div class=\"wp-block-columns is-layout-flex wp-container-core-columns-is-layout-28f84493 wp-block-columns-is-layout-flex\">\n<div class=\"wp-block-column is-layout-flow wp-block-column-is-layout-flow\">\n<div class=\"wp-block-columns is-layout-flex wp-container-core-columns-is-layout-28f84493 wp-block-columns-is-layout-flex\">\n<div class=\"wp-block-column is-layout-flow wp-block-column-is-layout-flow\">\n<div class=\"wp-block-uagb-image uagb-block-32125661 wp-block-uagb-image--layout-default wp-block-uagb-image--effect-static wp-block-uagb-image--align-none\"><figure class=\"wp-block-uagb-image__figure\"><img decoding=\"async\" srcset=\"https:\/\/bolsasdelperu.com\/wp-content\/uploads\/2023\/03\/bolsa-roja-para-hospital.jpg \" sizes=\"auto, (max-width: 480px) 150px\" src=\"https:\/\/bolsasdelperu.com\/wp-content\/uploads\/2023\/03\/bolsa-roja-para-hospital.jpg\" alt=\"bolsas rojas\" class=\"uag-image-2067\" width=\"1000\" height=\"667\" title=\"\" loading=\"lazy\"><\/figure><\/div>\n<\/div>\n\n\n\n<div class=\"wp-block-column is-layout-flow wp-block-column-is-layout-flow\">\n<h3 class=\"wp-block-heading\"><sub>HOSPITALES \u2013 CL\u00cdNICAS \u2013 LABORATORIOS<\/sub><\/h3>\n\n\n\n<p> Bolsas de polietileno material R1 o R2, Bolsas para Desechos Com\u00fanes y Especiales. Est\u00e1n fabricadas de polietileno de baja (PEBD) y alta densidad (PEAD).<br>Son \u00fatiles para segregar correctamente los desechos bio-infecciosos, comunes, industriales ya contaminados con secreciones.<br><strong>1.-<\/strong>\u00a0Medidas personalizadas desde 40 cm. x 40 cm. hasta 132 cm. x 190 cm.<br><strong>2.-<\/strong>\u00a0Diferentes calibres o espesores desde 2 micras (50.8 um), 3 micras (72.6 um), hasta 10 micras.<br><strong>3.-<\/strong>\u00a0Material 100% original lo que nos da resistencia , color plano y totalmente liso, sin olor, cantidad exacta y capacidad de producci\u00f3n de hasta 1000 kilogramos diarios.<\/p>\n<\/div>\n<\/div>\n<\/div>\n<\/div>\n<\/div>\n<\/div>\n<\/div><\/div>\n\n\n\n<div class=\"wp-block-uagb-container uagb-block-a8be3ebd alignfull uagb-is-root-container\"><div class=\"uagb-container-inner-blocks-wrap\">\n<div class=\"wp-block-uagb-call-to-action uagb-block-00d15ff2\"><a href=\"#\" class=\"uagb-cta__link-to-all\" target=\"\" rel=\"noopener noreferrer\"><\/a><div class=\"uagb-cta__wrap\"><h2 class=\"uagb-cta__title\">BOLSAS DEL PERU<br><\/h2><p class=\"uagb-cta__desc\"><strong><em><sub><mark style=\"background-color:rgba(0, 0, 0, 0)\" class=\"has-inline-color has-ast-global-color-2-color\">Somos fabricantes especializados en<br>Bolsas de polietileno material R1 o R2, Bolsas para Desechos hospitales laboratorios municipalidades e industrial con material 100% reciclado.<\/mark><\/sub><\/em><\/strong><\/p><\/div><div class=\"uagb-cta__buttons\"><\/div><\/div>\n<\/div><\/div>\n<\/body>","protected":false},"excerpt":{"rendered":"<p>BOLSAS ESPECIALES PARA LOS SECTORES.Hospitales, laboratorios, clinicas, centros de salud, industria qu\u00edmica, minera y comercial Bolsas de polietileno material R1 o R2, Bolsas para Desechos Com\u00fanes y Especiales. Est\u00e1n fabricadas de polietileno de baja (PEBD) y alta densidad (PEAD).Descripci\u00f3n T\u00e9cnicas:\u2013\u00a0Colores:\u00a0Comerciales.y especiales.\u2013\u00a0Capacidad:\u00a0comerciales o medidas personalizadas.\u2013\u00a0Espesor:\u00a050.80; 72.60 um. desde 1.5 micras hasta 10 micras. HOSPITALES \u2013 CL\u00cdNICAS [&hellip;]<\/p>\n","protected":false},"author":1,"featured_media":0,"parent":0,"menu_order":0,"comment_status":"closed","ping_status":"closed","template":"","meta":{"om_disable_all_campaigns":false,"_uag_custom_page_level_css":"","site-sidebar-layout":"default","site-content-layout":"","ast-site-content-layout":"default","site-content-style":"default","site-sidebar-style":"default","ast-global-header-display":"","ast-banner-title-visibility":"","ast-main-header-display":"","ast-hfb-above-header-display":"","ast-hfb-below-header-display":"","ast-hfb-mobile-header-display":"","site-post-title":"disabled","ast-breadcrumbs-content":"","ast-featured-img":"","footer-sml-layout":"","ast-disable-related-posts":"","theme-transparent-header-meta":"disabled","adv-header-id-meta":"","stick-header-meta":"","header-above-stick-meta":"","header-main-stick-meta":"","header-below-stick-meta":"","astra-migrate-meta-layouts":"set","ast-page-background-enabled":"default","ast-page-background-meta":{"desktop":{"background-color":"var(--ast-global-color-4)","background-image":"","background-repeat":"repeat","background-position":"center center","background-size":"auto","background-attachment":"scroll","background-type":"","background-media":"","overlay-type":"","overlay-color":"","overlay-opacity":"","overlay-gradient":""},"tablet":{"background-color":"","background-image":"","background-repeat":"repeat","background-position":"center center","background-size":"auto","background-attachment":"scroll","background-type":"","background-media":"","overlay-type":"","overlay-color":"","overlay-opacity":"","overlay-gradient":""},"mobile":{"background-color":"","background-image":"","background-repeat":"repeat","background-position":"center center","background-size":"auto","background-attachment":"scroll","background-type":"","background-media":"","overlay-type":"","overlay-color":"","overlay-opacity":"","overlay-gradient":""}},"ast-content-background-meta":{"desktop":{"background-color":"var(--ast-global-color-5)","background-image":"","background-repeat":"repeat","background-position":"center center","background-size":"auto","background-attachment":"scroll","background-type":"","background-media":"","overlay-type":"","overlay-color":"","overlay-opacity":"","overlay-gradient":""},"tablet":{"background-color":"var(--ast-global-color-5)","background-image":"","background-repeat":"repeat","background-position":"center center","background-size":"auto","background-attachment":"scroll","background-type":"","background-media":"","overlay-type":"","overlay-color":"","overlay-opacity":"","overlay-gradient":""},"mobile":{"background-color":"var(--ast-global-color-5)","background-image":"","background-repeat":"repeat","background-position":"center center","background-size":"auto","background-attachment":"scroll","background-type":"","background-media":"","overlay-type":"","overlay-color":"","overlay-opacity":"","overlay-gradient":""}},"_joinchat":[],"footnotes":""},"class_list":["post-77","page","type-page","status-publish","hentry"],"yoast_head":"<!-- This site is optimized with the Yoast SEO plugin v27.4 - https:\/\/yoast.com\/product\/yoast-seo-wordpress\/ -->\n<title>Productos - Bolsas del Per\u00fa producto<\/title>\n<meta name=\"robots\" content=\"index, follow, max-snippet:-1, max-image-preview:large, max-video-preview:-1\" \/>\n<link rel=\"canonical\" href=\"https:\/\/bolsasdelperu.com\/inicio\/services\/\" \/>\n<meta property=\"og:locale\" content=\"es_ES\" \/>\n<meta property=\"og:type\" content=\"article\" \/>\n<meta property=\"og:title\" content=\"Productos - Bolsas del Per\u00fa producto\" \/>\n<meta property=\"og:description\" content=\"BOLSAS ESPECIALES PARA LOS SECTORES.Hospitales, laboratorios, clinicas, centros de salud, industria qu\u00edmica, minera y comercial Bolsas de polietileno material R1 o R2, Bolsas para Desechos Com\u00fanes y Especiales. Est\u00e1n fabricadas de polietileno de baja (PEBD) y alta densidad (PEAD).Descripci\u00f3n T\u00e9cnicas:\u2013\u00a0Colores:\u00a0Comerciales.y especiales.\u2013\u00a0Capacidad:\u00a0comerciales o medidas personalizadas.\u2013\u00a0Espesor:\u00a050.80; 72.60 um. desde 1.5 micras hasta 10 micras. HOSPITALES \u2013 CL\u00cdNICAS [&hellip;]\" \/>\n<meta property=\"og:url\" content=\"https:\/\/bolsasdelperu.com\/inicio\/services\/\" \/>\n<meta property=\"og:site_name\" content=\"Bolsas del Per\u00fa\" \/>\n<meta property=\"article:modified_time\" content=\"2024-10-11T16:03:40+00:00\" \/>\n<meta property=\"og:image\" content=\"https:\/\/bolsasdelperu.com\/wp-content\/uploads\/2023\/03\/bolsas-para-basura-.jpg\" \/>\n<meta name=\"twitter:card\" content=\"summary_large_image\" \/>\n<meta name=\"twitter:label1\" content=\"Tiempo de lectura\" \/>\n\t<meta name=\"twitter:data1\" content=\"2 minutos\" \/>\n<script type=\"application\/ld+json\" class=\"yoast-schema-graph\">{\"@context\":\"https:\\\/\\\/schema.org\",\"@graph\":[{\"@type\":\"WebPage\",\"@id\":\"https:\\\/\\\/bolsasdelperu.com\\\/inicio\\\/services\\\/\",\"url\":\"https:\\\/\\\/bolsasdelperu.com\\\/inicio\\\/services\\\/\",\"name\":\"Productos - Bolsas del Per\u00fa producto\",\"isPartOf\":{\"@id\":\"https:\\\/\\\/bolsasdelperu.com\\\/inicio\\\/#website\"},\"primaryImageOfPage\":{\"@id\":\"https:\\\/\\\/bolsasdelperu.com\\\/inicio\\\/services\\\/#primaryimage\"},\"image\":{\"@id\":\"https:\\\/\\\/bolsasdelperu.com\\\/inicio\\\/services\\\/#primaryimage\"},\"thumbnailUrl\":\"https:\\\/\\\/bolsasdelperu.com\\\/wp-content\\\/uploads\\\/2023\\\/03\\\/bolsas-para-basura-.jpg\",\"datePublished\":\"2022-10-17T07:03:13+00:00\",\"dateModified\":\"2024-10-11T16:03:40+00:00\",\"breadcrumb\":{\"@id\":\"https:\\\/\\\/bolsasdelperu.com\\\/inicio\\\/services\\\/#breadcrumb\"},\"inLanguage\":\"es\",\"potentialAction\":[{\"@type\":\"ReadAction\",\"target\":[\"https:\\\/\\\/bolsasdelperu.com\\\/inicio\\\/services\\\/\"]}]},{\"@type\":\"ImageObject\",\"inLanguage\":\"es\",\"@id\":\"https:\\\/\\\/bolsasdelperu.com\\\/inicio\\\/services\\\/#primaryimage\",\"url\":\"https:\\\/\\\/bolsasdelperu.com\\\/wp-content\\\/uploads\\\/2023\\\/03\\\/bolsas-para-basura-.jpg\",\"contentUrl\":\"https:\\\/\\\/bolsasdelperu.com\\\/wp-content\\\/uploads\\\/2023\\\/03\\\/bolsas-para-basura-.jpg\"},{\"@type\":\"BreadcrumbList\",\"@id\":\"https:\\\/\\\/bolsasdelperu.com\\\/inicio\\\/services\\\/#breadcrumb\",\"itemListElement\":[{\"@type\":\"ListItem\",\"position\":1,\"name\":\"Portada\",\"item\":\"https:\\\/\\\/bolsasdelperu.com\\\/inicio\\\/\"},{\"@type\":\"ListItem\",\"position\":2,\"name\":\"Productos\"}]},{\"@type\":\"WebSite\",\"@id\":\"https:\\\/\\\/bolsasdelperu.com\\\/inicio\\\/#website\",\"url\":\"https:\\\/\\\/bolsasdelperu.com\\\/inicio\\\/\",\"name\":\"Bolsas del Per\u00fa\",\"description\":\"Bolsas del Per\u00fa | Producci\u00f3n y Distribuci\u00f3n de Bolsas Pl\u00e1sticas\",\"publisher\":{\"@id\":\"https:\\\/\\\/bolsasdelperu.com\\\/inicio\\\/#\\\/schema\\\/person\\\/f387e7ed8ebd3bd315b49b7e2ce708fb\"},\"potentialAction\":[{\"@type\":\"SearchAction\",\"target\":{\"@type\":\"EntryPoint\",\"urlTemplate\":\"https:\\\/\\\/bolsasdelperu.com\\\/inicio\\\/?s={search_term_string}\"},\"query-input\":{\"@type\":\"PropertyValueSpecification\",\"valueRequired\":true,\"valueName\":\"search_term_string\"}}],\"inLanguage\":\"es\"},{\"@type\":[\"Person\",\"Organization\"],\"@id\":\"https:\\\/\\\/bolsasdelperu.com\\\/inicio\\\/#\\\/schema\\\/person\\\/f387e7ed8ebd3bd315b49b7e2ce708fb\",\"name\":\"bolsasdelperucom\",\"image\":{\"@type\":\"ImageObject\",\"inLanguage\":\"es\",\"@id\":\"https:\\\/\\\/bolsasdelperu.com\\\/wp-content\\\/uploads\\\/2023\\\/03\\\/logo-bolsas-del-peru.png\",\"url\":\"https:\\\/\\\/bolsasdelperu.com\\\/wp-content\\\/uploads\\\/2023\\\/03\\\/logo-bolsas-del-peru.png\",\"contentUrl\":\"https:\\\/\\\/bolsasdelperu.com\\\/wp-content\\\/uploads\\\/2023\\\/03\\\/logo-bolsas-del-peru.png\",\"width\":400,\"height\":400,\"caption\":\"bolsasdelperucom\"},\"logo\":{\"@id\":\"https:\\\/\\\/bolsasdelperu.com\\\/wp-content\\\/uploads\\\/2023\\\/03\\\/logo-bolsas-del-peru.png\"},\"sameAs\":[\"https:\\\/\\\/bolsasdelperu.com\"]}]}<\/script>\n<!-- \/ Yoast SEO plugin. -->","yoast_head_json":{"title":"Productos - Bolsas del Per\u00fa producto","robots":{"index":"index","follow":"follow","max-snippet":"max-snippet:-1","max-image-preview":"max-image-preview:large","max-video-preview":"max-video-preview:-1"},"canonical":"https:\/\/bolsasdelperu.com\/inicio\/services\/","og_locale":"es_ES","og_type":"article","og_title":"Productos - Bolsas del Per\u00fa producto","og_description":"BOLSAS ESPECIALES PARA LOS SECTORES.Hospitales, laboratorios, clinicas, centros de salud, industria qu\u00edmica, minera y comercial Bolsas de polietileno material R1 o R2, Bolsas para Desechos Com\u00fanes y Especiales. Est\u00e1n fabricadas de polietileno de baja (PEBD) y alta densidad (PEAD).Descripci\u00f3n T\u00e9cnicas:\u2013\u00a0Colores:\u00a0Comerciales.y especiales.\u2013\u00a0Capacidad:\u00a0comerciales o medidas personalizadas.\u2013\u00a0Espesor:\u00a050.80; 72.60 um. desde 1.5 micras hasta 10 micras. HOSPITALES \u2013 CL\u00cdNICAS [&hellip;]","og_url":"https:\/\/bolsasdelperu.com\/inicio\/services\/","og_site_name":"Bolsas del Per\u00fa","article_modified_time":"2024-10-11T16:03:40+00:00","og_image":[{"url":"https:\/\/bolsasdelperu.com\/wp-content\/uploads\/2023\/03\/bolsas-para-basura-.jpg","type":"","width":"","height":""}],"twitter_card":"summary_large_image","twitter_misc":{"Tiempo de lectura":"2 minutos"},"schema":{"@context":"https:\/\/schema.org","@graph":[{"@type":"WebPage","@id":"https:\/\/bolsasdelperu.com\/inicio\/services\/","url":"https:\/\/bolsasdelperu.com\/inicio\/services\/","name":"Productos - Bolsas del Per\u00fa producto","isPartOf":{"@id":"https:\/\/bolsasdelperu.com\/inicio\/#website"},"primaryImageOfPage":{"@id":"https:\/\/bolsasdelperu.com\/inicio\/services\/#primaryimage"},"image":{"@id":"https:\/\/bolsasdelperu.com\/inicio\/services\/#primaryimage"},"thumbnailUrl":"https:\/\/bolsasdelperu.com\/wp-content\/uploads\/2023\/03\/bolsas-para-basura-.jpg","datePublished":"2022-10-17T07:03:13+00:00","dateModified":"2024-10-11T16:03:40+00:00","breadcrumb":{"@id":"https:\/\/bolsasdelperu.com\/inicio\/services\/#breadcrumb"},"inLanguage":"es","potentialAction":[{"@type":"ReadAction","target":["https:\/\/bolsasdelperu.com\/inicio\/services\/"]}]},{"@type":"ImageObject","inLanguage":"es","@id":"https:\/\/bolsasdelperu.com\/inicio\/services\/#primaryimage","url":"https:\/\/bolsasdelperu.com\/wp-content\/uploads\/2023\/03\/bolsas-para-basura-.jpg","contentUrl":"https:\/\/bolsasdelperu.com\/wp-content\/uploads\/2023\/03\/bolsas-para-basura-.jpg"},{"@type":"BreadcrumbList","@id":"https:\/\/bolsasdelperu.com\/inicio\/services\/#breadcrumb","itemListElement":[{"@type":"ListItem","position":1,"name":"Portada","item":"https:\/\/bolsasdelperu.com\/inicio\/"},{"@type":"ListItem","position":2,"name":"Productos"}]},{"@type":"WebSite","@id":"https:\/\/bolsasdelperu.com\/inicio\/#website","url":"https:\/\/bolsasdelperu.com\/inicio\/","name":"Bolsas del Per\u00fa","description":"Bolsas del Per\u00fa | Producci\u00f3n y Distribuci\u00f3n de Bolsas Pl\u00e1sticas","publisher":{"@id":"https:\/\/bolsasdelperu.com\/inicio\/#\/schema\/person\/f387e7ed8ebd3bd315b49b7e2ce708fb"},"potentialAction":[{"@type":"SearchAction","target":{"@type":"EntryPoint","urlTemplate":"https:\/\/bolsasdelperu.com\/inicio\/?s={search_term_string}"},"query-input":{"@type":"PropertyValueSpecification","valueRequired":true,"valueName":"search_term_string"}}],"inLanguage":"es"},{"@type":["Person","Organization"],"@id":"https:\/\/bolsasdelperu.com\/inicio\/#\/schema\/person\/f387e7ed8ebd3bd315b49b7e2ce708fb","name":"bolsasdelperucom","image":{"@type":"ImageObject","inLanguage":"es","@id":"https:\/\/bolsasdelperu.com\/wp-content\/uploads\/2023\/03\/logo-bolsas-del-peru.png","url":"https:\/\/bolsasdelperu.com\/wp-content\/uploads\/2023\/03\/logo-bolsas-del-peru.png","contentUrl":"https:\/\/bolsasdelperu.com\/wp-content\/uploads\/2023\/03\/logo-bolsas-del-peru.png","width":400,"height":400,"caption":"bolsasdelperucom"},"logo":{"@id":"https:\/\/bolsasdelperu.com\/wp-content\/uploads\/2023\/03\/logo-bolsas-del-peru.png"},"sameAs":["https:\/\/bolsasdelperu.com"]}]}},"uagb_featured_image_src":{"full":false,"thumbnail":false,"medium":false,"medium_large":false,"large":false,"1536x1536":false,"2048x2048":false},"uagb_author_info":{"display_name":"bolsasdelperucom","author_link":"https:\/\/bolsasdelperu.com\/inicio\/author\/bolsasdelperucom\/"},"uagb_comment_info":0,"uagb_excerpt":"BOLSAS ESPECIALES PARA LOS SECTORES.Hospitales, laboratorios, clinicas, centros de salud, industria qu\u00edmica, minera y comercial Bolsas de polietileno material R1 o R2, Bolsas para Desechos Com\u00fanes y Especiales. Est\u00e1n fabricadas de polietileno de baja (PEBD) y alta densidad (PEAD).Descripci\u00f3n T\u00e9cnicas:\u2013\u00a0Colores:\u00a0Comerciales.y especiales.\u2013\u00a0Capacidad:\u00a0comerciales o medidas personalizadas.\u2013\u00a0Espesor:\u00a050.80; 72.60 um. desde 1.5 micras hasta 10 micras. HOSPITALES \u2013 CL\u00cdNICAS&hellip;","_links":{"self":[{"href":"https:\/\/bolsasdelperu.com\/inicio\/wp-json\/wp\/v2\/pages\/77","targetHints":{"allow":["GET"]}}],"collection":[{"href":"https:\/\/bolsasdelperu.com\/inicio\/wp-json\/wp\/v2\/pages"}],"about":[{"href":"https:\/\/bolsasdelperu.com\/inicio\/wp-json\/wp\/v2\/types\/page"}],"author":[{"embeddable":true,"href":"https:\/\/bolsasdelperu.com\/inicio\/wp-json\/wp\/v2\/users\/1"}],"replies":[{"embeddable":true,"href":"https:\/\/bolsasdelperu.com\/inicio\/wp-json\/wp\/v2\/comments?post=77"}],"version-history":[{"count":4,"href":"https:\/\/bolsasdelperu.com\/inicio\/wp-json\/wp\/v2\/pages\/77\/revisions"}],"predecessor-version":[{"id":2161,"href":"https:\/\/bolsasdelperu.com\/inicio\/wp-json\/wp\/v2\/pages\/77\/revisions\/2161"}],"wp:attachment":[{"href":"https:\/\/bolsasdelperu.com\/inicio\/wp-json\/wp\/v2\/media?parent=77"}],"curies":[{"name":"wp","href":"https:\/\/api.w.org\/{rel}","templated":true}]}}