{"id":107,"date":"2022-10-17T07:27:30","date_gmt":"2022-10-17T07:27:30","guid":{"rendered":"https:\/\/bolsasdelperu.com\/inicio\/about\/"},"modified":"2026-01-02T17:23:27","modified_gmt":"2026-01-02T17:23:27","slug":"about","status":"publish","type":"page","link":"https:\/\/bolsasdelperu.com\/inicio\/about\/","title":{"rendered":"Nosotros"},"content":{"rendered":"<body>\n<div class=\"wp-block-uagb-container uagb-block-28ed8257 alignfull uagb-is-root-container\"><div class=\"uagb-container-inner-blocks-wrap\">\n<div class=\"wp-block-uagb-advanced-heading uagb-block-477ead27\"><h1 class=\"uagb-heading-text\">BOLSAS DELPERU<\/h1><\/div>\n<\/div><\/div>\n\n\n\n<div class=\"wp-block-uagb-container uagb-block-4c58a908 alignfull uagb-is-root-container\"><div class=\"uagb-container-inner-blocks-wrap\">\n<div class=\"wp-block-uagb-container uagb-block-427691d4\">\n<div class=\"wp-block-uagb-image uagb-block-5cb92c17 wp-block-uagb-image--layout-default wp-block-uagb-image--effect-static wp-block-uagb-image--align-none\"><figure class=\"wp-block-uagb-image__figure\"><img decoding=\"async\" srcset=\"https:\/\/bolsasdelperu.com\/wp-content\/uploads\/2023\/03\/bolsas-rojas-para-basura-.jpg \" sizes=\"auto, (max-width: 480px) 150px\" src=\"https:\/\/bolsasdelperu.com\/wp-content\/uploads\/2023\/03\/bolsas-rojas-para-basura-.jpg\" alt=\"\" class=\"uag-image-2058\" width=\"426\" height=\"395\" title=\"\" loading=\"lazy\"><\/figure><\/div>\n<\/div>\n\n\n\n<div class=\"wp-block-uagb-container uagb-block-e9660870\">\n<div class=\"wp-block-uagb-info-box uagb-block-ff43b21e uagb-infobox__content-wrap  uagb-infobox-icon-above-title uagb-infobox-image-valign-top\"><div class=\"uagb-ifb-content\"><div class=\"uagb-ifb-title-wrap\"><h2 class=\"uagb-ifb-title\">BOLSAS DELPERU<\/h2><\/div><p class=\"uagb-ifb-desc\">Es una empresa nacional, fabricamos y distribuimos bolsas pl\u00e1sticas para los diferentes sectores como hospitales, cl\u00ednicas, laboratorios traslado de muestra Bio-Seguridad y limpieza industrial entre otros.<br>\u00a0<br>Brindar a nuestros clientes, soluciones a sus necesidades y requerimientos en forma oportuna, eficiente con una amplia gama de art\u00edculos pl\u00e1sticos innovadores, pr\u00e1cticos y seguros, teniendo en cuenta las necesidades de cada cliente.<\/p><\/div><\/div>\n<\/div>\n<\/div><\/div>\n\n\n\n<div class=\"wp-block-uagb-container uagb-block-187cd105 alignfull uagb-is-root-container\"><div class=\"uagb-container-inner-blocks-wrap\"><\/div><\/div>\n\n\n\n<p><\/p>\n<\/body>","protected":false},"excerpt":{"rendered":"<p>BOLSAS DELPERU<\/p>\n","protected":false},"author":1,"featured_media":0,"parent":0,"menu_order":0,"comment_status":"closed","ping_status":"closed","template":"","meta":{"om_disable_all_campaigns":false,"_uag_custom_page_level_css":"","site-sidebar-layout":"default","site-content-layout":"","ast-site-content-layout":"default","site-content-style":"default","site-sidebar-style":"default","ast-global-header-display":"","ast-banner-title-visibility":"","ast-main-header-display":"","ast-hfb-above-header-display":"","ast-hfb-below-header-display":"","ast-hfb-mobile-header-display":"","site-post-title":"disabled","ast-breadcrumbs-content":"","ast-featured-img":"","footer-sml-layout":"","ast-disable-related-posts":"","theme-transparent-header-meta":"disabled","adv-header-id-meta":"","stick-header-meta":"","header-above-stick-meta":"","header-main-stick-meta":"","header-below-stick-meta":"","astra-migrate-meta-layouts":"set","ast-page-background-enabled":"default","ast-page-background-meta":{"desktop":{"background-color":"var(--ast-global-color-4)","background-image":"","background-repeat":"repeat","background-position":"center center","background-size":"auto","background-attachment":"scroll","background-type":"","background-media":"","overlay-type":"","overlay-color":"","overlay-opacity":"","overlay-gradient":""},"tablet":{"background-color":"","background-image":"","background-repeat":"repeat","background-position":"center center","background-size":"auto","background-attachment":"scroll","background-type":"","background-media":"","overlay-type":"","overlay-color":"","overlay-opacity":"","overlay-gradient":""},"mobile":{"background-color":"","background-image":"","background-repeat":"repeat","background-position":"center center","background-size":"auto","background-attachment":"scroll","background-type":"","background-media":"","overlay-type":"","overlay-color":"","overlay-opacity":"","overlay-gradient":""}},"ast-content-background-meta":{"desktop":{"background-color":"var(--ast-global-color-5)","background-image":"","background-repeat":"repeat","background-position":"center center","background-size":"auto","background-attachment":"scroll","background-type":"","background-media":"","overlay-type":"","overlay-color":"","overlay-opacity":"","overlay-gradient":""},"tablet":{"background-color":"var(--ast-global-color-5)","background-image":"","background-repeat":"repeat","background-position":"center center","background-size":"auto","background-attachment":"scroll","background-type":"","background-media":"","overlay-type":"","overlay-color":"","overlay-opacity":"","overlay-gradient":""},"mobile":{"background-color":"var(--ast-global-color-5)","background-image":"","background-repeat":"repeat","background-position":"center center","background-size":"auto","background-attachment":"scroll","background-type":"","background-media":"","overlay-type":"","overlay-color":"","overlay-opacity":"","overlay-gradient":""}},"_joinchat":[],"footnotes":""},"class_list":["post-107","page","type-page","status-publish","hentry"],"yoast_head":"<!-- This site is optimized with the Yoast SEO plugin v27.4 - https:\/\/yoast.com\/product\/yoast-seo-wordpress\/ -->\n<title>Nosotros - Bolsas del Per\u00fa<\/title>\n<meta name=\"robots\" content=\"index, follow, max-snippet:-1, max-image-preview:large, max-video-preview:-1\" \/>\n<link rel=\"canonical\" href=\"https:\/\/bolsasdelperu.com\/inicio\/about\/\" \/>\n<meta property=\"og:locale\" content=\"es_ES\" \/>\n<meta property=\"og:type\" content=\"article\" \/>\n<meta property=\"og:title\" content=\"Nosotros - Bolsas del Per\u00fa\" \/>\n<meta property=\"og:description\" content=\"BOLSAS DELPERU\" \/>\n<meta property=\"og:url\" content=\"https:\/\/bolsasdelperu.com\/inicio\/about\/\" \/>\n<meta property=\"og:site_name\" content=\"Bolsas del Per\u00fa\" \/>\n<meta property=\"article:modified_time\" content=\"2026-01-02T17:23:27+00:00\" \/>\n<meta property=\"og:image\" content=\"https:\/\/bolsasdelperu.com\/wp-content\/uploads\/2023\/03\/bolsas-rojas-para-basura-.jpg\" \/>\n<meta name=\"twitter:card\" content=\"summary_large_image\" \/>\n<meta name=\"twitter:label1\" content=\"Tiempo de lectura\" \/>\n\t<meta name=\"twitter:data1\" content=\"1 minuto\" \/>\n<script type=\"application\/ld+json\" class=\"yoast-schema-graph\">{\"@context\":\"https:\\\/\\\/schema.org\",\"@graph\":[{\"@type\":\"WebPage\",\"@id\":\"https:\\\/\\\/bolsasdelperu.com\\\/inicio\\\/about\\\/\",\"url\":\"https:\\\/\\\/bolsasdelperu.com\\\/inicio\\\/about\\\/\",\"name\":\"Nosotros - Bolsas del Per\u00fa\",\"isPartOf\":{\"@id\":\"https:\\\/\\\/bolsasdelperu.com\\\/inicio\\\/#website\"},\"primaryImageOfPage\":{\"@id\":\"https:\\\/\\\/bolsasdelperu.com\\\/inicio\\\/about\\\/#primaryimage\"},\"image\":{\"@id\":\"https:\\\/\\\/bolsasdelperu.com\\\/inicio\\\/about\\\/#primaryimage\"},\"thumbnailUrl\":\"https:\\\/\\\/bolsasdelperu.com\\\/wp-content\\\/uploads\\\/2023\\\/03\\\/bolsas-rojas-para-basura-.jpg\",\"datePublished\":\"2022-10-17T07:27:30+00:00\",\"dateModified\":\"2026-01-02T17:23:27+00:00\",\"breadcrumb\":{\"@id\":\"https:\\\/\\\/bolsasdelperu.com\\\/inicio\\\/about\\\/#breadcrumb\"},\"inLanguage\":\"es\",\"potentialAction\":[{\"@type\":\"ReadAction\",\"target\":[\"https:\\\/\\\/bolsasdelperu.com\\\/inicio\\\/about\\\/\"]}]},{\"@type\":\"ImageObject\",\"inLanguage\":\"es\",\"@id\":\"https:\\\/\\\/bolsasdelperu.com\\\/inicio\\\/about\\\/#primaryimage\",\"url\":\"https:\\\/\\\/bolsasdelperu.com\\\/wp-content\\\/uploads\\\/2023\\\/03\\\/bolsas-rojas-para-basura-.jpg\",\"contentUrl\":\"https:\\\/\\\/bolsasdelperu.com\\\/wp-content\\\/uploads\\\/2023\\\/03\\\/bolsas-rojas-para-basura-.jpg\"},{\"@type\":\"BreadcrumbList\",\"@id\":\"https:\\\/\\\/bolsasdelperu.com\\\/inicio\\\/about\\\/#breadcrumb\",\"itemListElement\":[{\"@type\":\"ListItem\",\"position\":1,\"name\":\"Portada\",\"item\":\"https:\\\/\\\/bolsasdelperu.com\\\/inicio\\\/\"},{\"@type\":\"ListItem\",\"position\":2,\"name\":\"Nosotros\"}]},{\"@type\":\"WebSite\",\"@id\":\"https:\\\/\\\/bolsasdelperu.com\\\/inicio\\\/#website\",\"url\":\"https:\\\/\\\/bolsasdelperu.com\\\/inicio\\\/\",\"name\":\"Bolsas del Per\u00fa\",\"description\":\"Bolsas del Per\u00fa | Producci\u00f3n y Distribuci\u00f3n de Bolsas Pl\u00e1sticas\",\"publisher\":{\"@id\":\"https:\\\/\\\/bolsasdelperu.com\\\/inicio\\\/#\\\/schema\\\/person\\\/f387e7ed8ebd3bd315b49b7e2ce708fb\"},\"potentialAction\":[{\"@type\":\"SearchAction\",\"target\":{\"@type\":\"EntryPoint\",\"urlTemplate\":\"https:\\\/\\\/bolsasdelperu.com\\\/inicio\\\/?s={search_term_string}\"},\"query-input\":{\"@type\":\"PropertyValueSpecification\",\"valueRequired\":true,\"valueName\":\"search_term_string\"}}],\"inLanguage\":\"es\"},{\"@type\":[\"Person\",\"Organization\"],\"@id\":\"https:\\\/\\\/bolsasdelperu.com\\\/inicio\\\/#\\\/schema\\\/person\\\/f387e7ed8ebd3bd315b49b7e2ce708fb\",\"name\":\"bolsasdelperucom\",\"image\":{\"@type\":\"ImageObject\",\"inLanguage\":\"es\",\"@id\":\"https:\\\/\\\/bolsasdelperu.com\\\/wp-content\\\/uploads\\\/2023\\\/03\\\/logo-bolsas-del-peru.png\",\"url\":\"https:\\\/\\\/bolsasdelperu.com\\\/wp-content\\\/uploads\\\/2023\\\/03\\\/logo-bolsas-del-peru.png\",\"contentUrl\":\"https:\\\/\\\/bolsasdelperu.com\\\/wp-content\\\/uploads\\\/2023\\\/03\\\/logo-bolsas-del-peru.png\",\"width\":400,\"height\":400,\"caption\":\"bolsasdelperucom\"},\"logo\":{\"@id\":\"https:\\\/\\\/bolsasdelperu.com\\\/wp-content\\\/uploads\\\/2023\\\/03\\\/logo-bolsas-del-peru.png\"},\"sameAs\":[\"https:\\\/\\\/bolsasdelperu.com\"]}]}<\/script>\n<!-- \/ Yoast SEO plugin. -->","yoast_head_json":{"title":"Nosotros - Bolsas del Per\u00fa","robots":{"index":"index","follow":"follow","max-snippet":"max-snippet:-1","max-image-preview":"max-image-preview:large","max-video-preview":"max-video-preview:-1"},"canonical":"https:\/\/bolsasdelperu.com\/inicio\/about\/","og_locale":"es_ES","og_type":"article","og_title":"Nosotros - Bolsas del Per\u00fa","og_description":"BOLSAS DELPERU","og_url":"https:\/\/bolsasdelperu.com\/inicio\/about\/","og_site_name":"Bolsas del Per\u00fa","article_modified_time":"2026-01-02T17:23:27+00:00","og_image":[{"url":"https:\/\/bolsasdelperu.com\/wp-content\/uploads\/2023\/03\/bolsas-rojas-para-basura-.jpg","type":"","width":"","height":""}],"twitter_card":"summary_large_image","twitter_misc":{"Tiempo de lectura":"1 minuto"},"schema":{"@context":"https:\/\/schema.org","@graph":[{"@type":"WebPage","@id":"https:\/\/bolsasdelperu.com\/inicio\/about\/","url":"https:\/\/bolsasdelperu.com\/inicio\/about\/","name":"Nosotros - Bolsas del Per\u00fa","isPartOf":{"@id":"https:\/\/bolsasdelperu.com\/inicio\/#website"},"primaryImageOfPage":{"@id":"https:\/\/bolsasdelperu.com\/inicio\/about\/#primaryimage"},"image":{"@id":"https:\/\/bolsasdelperu.com\/inicio\/about\/#primaryimage"},"thumbnailUrl":"https:\/\/bolsasdelperu.com\/wp-content\/uploads\/2023\/03\/bolsas-rojas-para-basura-.jpg","datePublished":"2022-10-17T07:27:30+00:00","dateModified":"2026-01-02T17:23:27+00:00","breadcrumb":{"@id":"https:\/\/bolsasdelperu.com\/inicio\/about\/#breadcrumb"},"inLanguage":"es","potentialAction":[{"@type":"ReadAction","target":["https:\/\/bolsasdelperu.com\/inicio\/about\/"]}]},{"@type":"ImageObject","inLanguage":"es","@id":"https:\/\/bolsasdelperu.com\/inicio\/about\/#primaryimage","url":"https:\/\/bolsasdelperu.com\/wp-content\/uploads\/2023\/03\/bolsas-rojas-para-basura-.jpg","contentUrl":"https:\/\/bolsasdelperu.com\/wp-content\/uploads\/2023\/03\/bolsas-rojas-para-basura-.jpg"},{"@type":"BreadcrumbList","@id":"https:\/\/bolsasdelperu.com\/inicio\/about\/#breadcrumb","itemListElement":[{"@type":"ListItem","position":1,"name":"Portada","item":"https:\/\/bolsasdelperu.com\/inicio\/"},{"@type":"ListItem","position":2,"name":"Nosotros"}]},{"@type":"WebSite","@id":"https:\/\/bolsasdelperu.com\/inicio\/#website","url":"https:\/\/bolsasdelperu.com\/inicio\/","name":"Bolsas del Per\u00fa","description":"Bolsas del Per\u00fa | Producci\u00f3n y Distribuci\u00f3n de Bolsas Pl\u00e1sticas","publisher":{"@id":"https:\/\/bolsasdelperu.com\/inicio\/#\/schema\/person\/f387e7ed8ebd3bd315b49b7e2ce708fb"},"potentialAction":[{"@type":"SearchAction","target":{"@type":"EntryPoint","urlTemplate":"https:\/\/bolsasdelperu.com\/inicio\/?s={search_term_string}"},"query-input":{"@type":"PropertyValueSpecification","valueRequired":true,"valueName":"search_term_string"}}],"inLanguage":"es"},{"@type":["Person","Organization"],"@id":"https:\/\/bolsasdelperu.com\/inicio\/#\/schema\/person\/f387e7ed8ebd3bd315b49b7e2ce708fb","name":"bolsasdelperucom","image":{"@type":"ImageObject","inLanguage":"es","@id":"https:\/\/bolsasdelperu.com\/wp-content\/uploads\/2023\/03\/logo-bolsas-del-peru.png","url":"https:\/\/bolsasdelperu.com\/wp-content\/uploads\/2023\/03\/logo-bolsas-del-peru.png","contentUrl":"https:\/\/bolsasdelperu.com\/wp-content\/uploads\/2023\/03\/logo-bolsas-del-peru.png","width":400,"height":400,"caption":"bolsasdelperucom"},"logo":{"@id":"https:\/\/bolsasdelperu.com\/wp-content\/uploads\/2023\/03\/logo-bolsas-del-peru.png"},"sameAs":["https:\/\/bolsasdelperu.com"]}]}},"uagb_featured_image_src":{"full":false,"thumbnail":false,"medium":false,"medium_large":false,"large":false,"1536x1536":false,"2048x2048":false},"uagb_author_info":{"display_name":"bolsasdelperucom","author_link":"https:\/\/bolsasdelperu.com\/inicio\/author\/bolsasdelperucom\/"},"uagb_comment_info":0,"uagb_excerpt":"BOLSAS DELPERU","_links":{"self":[{"href":"https:\/\/bolsasdelperu.com\/inicio\/wp-json\/wp\/v2\/pages\/107","targetHints":{"allow":["GET"]}}],"collection":[{"href":"https:\/\/bolsasdelperu.com\/inicio\/wp-json\/wp\/v2\/pages"}],"about":[{"href":"https:\/\/bolsasdelperu.com\/inicio\/wp-json\/wp\/v2\/types\/page"}],"author":[{"embeddable":true,"href":"https:\/\/bolsasdelperu.com\/inicio\/wp-json\/wp\/v2\/users\/1"}],"replies":[{"embeddable":true,"href":"https:\/\/bolsasdelperu.com\/inicio\/wp-json\/wp\/v2\/comments?post=107"}],"version-history":[{"count":4,"href":"https:\/\/bolsasdelperu.com\/inicio\/wp-json\/wp\/v2\/pages\/107\/revisions"}],"predecessor-version":[{"id":2164,"href":"https:\/\/bolsasdelperu.com\/inicio\/wp-json\/wp\/v2\/pages\/107\/revisions\/2164"}],"wp:attachment":[{"href":"https:\/\/bolsasdelperu.com\/inicio\/wp-json\/wp\/v2\/media?parent=107"}],"curies":[{"name":"wp","href":"https:\/\/api.w.org\/{rel}","templated":true}]}}